{"id":38,"date":"2013-08-11T21:30:24","date_gmt":"2013-08-11T19:30:24","guid":{"rendered":"http:\/\/www.wsv-landesbergen.de\/wsv\/?page_id=38"},"modified":"2020-05-20T14:47:22","modified_gmt":"2020-05-20T13:47:22","slug":"impressum","status":"publish","type":"page","link":"http:\/\/www.wsv-landesbergen.de\/wsv\/?page_id=38","title":{"rendered":"Impressum"},"content":{"rendered":"<p>&nbsp;<\/p>\n<p style=\"text-align: left;\"><strong>Wassersportverein Landesbergen e.V.<br \/>\n<\/strong><span style=\"font-family: Arial;\">F\u00e4hrstra\u00dfe 2<br \/>\n31628 Landesbergen<br \/>\nE-M<\/span><span style=\"font-family: Arial;\">ail: <a href=\"mailto:info@wsv-landesbergen.de\"><span style=\"color: #333399;\">info@wsv-landesbergen.de<\/span><\/a><\/span><\/p>\n<p style=\"text-align: left;\">Verantwortlich: Der Vorstand<br \/>\n<strong>1. Vorsitzender:<br \/>\n<\/strong><span style=\"font-family: Arial;\">Christian Martin<br \/>\nSchneiderstra\u00dfe 12<br \/>\n31628 Landesbergen<br \/>\n<\/span><span style=\"font-family: Arial;\">Tel.: 0173 8110219<br \/>\n<\/span><span style=\"font-family: Arial;\">E-Mail: <a href=\"mailto:vorstand1@wsv-landesbergen.de\"><span style=\"color: #333399;\">vorstand1@wsv-landesbergen.de<\/span><\/a><\/span><\/p>\n<p style=\"text-align: left;\"><strong>Haftungsbeschr\u00e4nkung<\/strong><br \/>\nDie Inhalte dieser Website werden mit gr\u00f6\u00dftm\u00f6glicher Sorgfalt erstellt. Der Anbieter \u00fcbernimmt jedoch keine Gew\u00e4hr f\u00fcr die Richtigkeit, Vollst\u00e4ndigkeit und Aktualit\u00e4t der bereitgestellten Inhalte. Die Nutzung der Inhalte der Website erfolgt auf eigene Gefahr des Nutzers. Namentlich gekennzeichnete Beitr\u00e4ge geben die Meinung des jeweiligen Autors und nicht immer die Meinung des Anbieters wieder. Mit der reinen Nutzung der Website des Anbieters kommt keinerlei Vertragsverh\u00e4ltnis zwischen dem Nutzer und dem Anbieter zustande.<\/p>\n<p style=\"text-align: left;\"><strong>Urheber- und Leistungsschutzrechte<\/strong><br \/>\nDie auf dieser Website ver\u00f6ffentlichten Inhalte unterliegen dem deutschen Urheber- und Leistungsschutzrecht. Jede vom deutschen Urheber- und Leistungsschutzrecht nicht zugelassene Verwertung bedarf der vorherigen schriftlichen Zustimmung des Anbieters oder jeweiligen Rechteinhabers. Dies gilt insbesondere f\u00fcr Vervielf\u00e4ltigung, Bearbeitung, \u00dcbersetzung, Einspeicherung, Verarbeitung bzw. Wiedergabe von Inhalten in Datenbanken oder anderen elektronischen Medien und Systemen. Inhalte und Rechte Dritter sind dabei als solche gekennzeichnet. Die unerlaubte Vervielf\u00e4ltigung oder Weitergabe einzelner Inhalte oder kompletter Seiten ist nicht gestattet und strafbar. Lediglich die Herstellung von Kopien und Downloads f\u00fcr den pers\u00f6nlichen, privaten und nicht kommerziellen Gebrauch ist erlaubt.<br \/>\nDie Darstellung dieser Website in fremden Frames ist nur mit schriftlicher\u00a0Erlaubnis zul\u00e4ssig.<\/p>\n<hr noshade=\"noshade\" size=\"1\" \/>\n<p style=\"text-align: left;\" align=\"center\"><b>Wichtiger Hinweis!<\/b><\/p>\n<p>Mit Urteil vom 12. Mai 1998 &#8211; 312 O 85\/98 &#8211; Haftung f\u00fcr Links hat das Landgericht Hamburg entschieden, dass man durch die Anbringung eines Links, die Inhalte der gelinkten Seite ggf. mit zu verantworten hat. Dies kann nur dadurch verhindert werden, dass man sich ausdr\u00fccklich von diesen Inhalten distanziert. Deshalb distanzieren wir uns hiermit ausdr\u00fccklich von allen Inhalten aller gelinkten\/verkn\u00fcpften Seiten, die nach der Linksetzung ver\u00e4ndert wurden. Diese Feststellung gilt f\u00fcr alle innerhalb des eigenen Internetangebotes gesetzten Links und Verweise sowie f\u00fcr Fremdeintr\u00e4ge in eingerichteten G\u00e4steb\u00fcchern, Diskussionsforen und Mailinglisten. F\u00fcr illegale, fehlerhafte oder unvollst\u00e4ndige Inhalte und insbesondere f\u00fcr Sch\u00e4den, die aus der Nutzung oder Nichtnutzung solcher Art dargebotener Informationen entstehen, haftet allein der Anbieter der Seite, auf welche verwiesen wurde, nicht derjenige, der \u00fcber Links auf die jeweilige Ver\u00f6ffentlichung lediglich verweist.<\/p>\n<p align=\"center\">[ \u00a9 2019 WSV-Landesbergen ]<\/p>\n","protected":false},"excerpt":{"rendered":"<p>&nbsp; Wassersportverein Landesbergen e.V. F\u00e4hrstra\u00dfe 2 31628 Landesbergen E-Mail: info@wsv-landesbergen.de Verantwortlich: Der Vorstand 1. Vorsitzender: Christian Martin Schneiderstra\u00dfe 12 31628 Landesbergen Tel.: 0173 8110219 E-Mail: vorstand1@wsv-landesbergen.de Haftungsbeschr\u00e4nkung Die Inhalte dieser Website werden mit gr\u00f6\u00dftm\u00f6glicher Sorgfalt erstellt. Der Anbieter \u00fcbernimmt jedoch keine Gew\u00e4hr f\u00fcr die Richtigkeit, Vollst\u00e4ndigkeit und Aktualit\u00e4t der bereitgestellten Inhalte. Die Nutzung der Inhalte der Website erfolgt auf eigene Gefahr des Nutzers. Namentlich gekennzeichnete Beitr\u00e4ge geben die Meinung des jeweiligen Autors und nicht immer die Meinung des Anbieters wieder&#8230;.<\/p>\n<p class=\"read-more\"><a class=\"btn btn-default\" href=\"http:\/\/www.wsv-landesbergen.de\/wsv\/?page_id=38\">Weiterlesen<span class=\"screen-reader-text\"> Weiterlesen<\/span><\/a><\/p>\n","protected":false},"author":3,"featured_media":0,"parent":0,"menu_order":0,"comment_status":"closed","ping_status":"closed","template":"","meta":{"footnotes":""},"class_list":["post-38","page","type-page","status-publish","hentry"],"_links":{"self":[{"href":"http:\/\/www.wsv-landesbergen.de\/wsv\/index.php?rest_route=\/wp\/v2\/pages\/38","targetHints":{"allow":["GET"]}}],"collection":[{"href":"http:\/\/www.wsv-landesbergen.de\/wsv\/index.php?rest_route=\/wp\/v2\/pages"}],"about":[{"href":"http:\/\/www.wsv-landesbergen.de\/wsv\/index.php?rest_route=\/wp\/v2\/types\/page"}],"author":[{"embeddable":true,"href":"http:\/\/www.wsv-landesbergen.de\/wsv\/index.php?rest_route=\/wp\/v2\/users\/3"}],"replies":[{"embeddable":true,"href":"http:\/\/www.wsv-landesbergen.de\/wsv\/index.php?rest_route=%2Fwp%2Fv2%2Fcomments&post=38"}],"version-history":[{"count":14,"href":"http:\/\/www.wsv-landesbergen.de\/wsv\/index.php?rest_route=\/wp\/v2\/pages\/38\/revisions"}],"predecessor-version":[{"id":1853,"href":"http:\/\/www.wsv-landesbergen.de\/wsv\/index.php?rest_route=\/wp\/v2\/pages\/38\/revisions\/1853"}],"wp:attachment":[{"href":"http:\/\/www.wsv-landesbergen.de\/wsv\/index.php?rest_route=%2Fwp%2Fv2%2Fmedia&parent=38"}],"curies":[{"name":"wp","href":"https:\/\/api.w.org\/{rel}","templated":true}]}}