{"id":256,"date":"2013-08-21T21:54:10","date_gmt":"2013-08-21T19:54:10","guid":{"rendered":"http:\/\/www.wsv-landesbergen.de\/wsv\/?page_id=256"},"modified":"2019-02-10T17:08:54","modified_gmt":"2019-02-10T16:08:54","slug":"geschichte","status":"publish","type":"page","link":"http:\/\/www.wsv-landesbergen.de\/wsv\/?page_id=256","title":{"rendered":"Geschichte"},"content":{"rendered":"<p>&nbsp;<\/p>\n<h4><span style=\"color: #333399;\"><strong>Vereinsgeschichte seit 1974<\/strong><\/span><\/h4>\n<p>&nbsp;<\/p>\n<p style=\"text-align: left;\">Der Wassersportverein Landesbergen wird am\u00a0<strong>15.08.1974<\/strong> gegr\u00fcndet. Auf Grundlage der Gemeinn\u00fctzigkeit soll ein Wassersportverein entstehen. Die Gemeinde stellt hierzu das ehemalige F\u00e4hrhaus und das Gel\u00e4nde\u00a0an der Weser zur Verf\u00fcgung.<\/p>\n<p style=\"text-align: left;\"><strong>Gr\u00fcndungsmitglieder sind:<\/strong> Horst Seifert, Claus Kropiwoda, Karl-Heinz Stecking, Karl-Heinz Artischewski, Lothar Rohlfing, Horst Symkenberg und Karl-Heinz D\u00e4bner<\/p>\n<p style=\"text-align: left;\">Die\u00a0ersten Vorstandsmitglieder\u00a0wurden einstimmig und auf unbestimmte Zeit in Ihre \u00c4mter gew\u00e4hlt:<\/p>\n<p style=\"text-align: left;\"><strong>1. Vorsitzender:<\/strong>\u00a0\u00a0\u00a0 Horst Seifert<br \/>\n<strong>2. Vorsitzender:\u00a0<\/strong>\u00a0 Karl-Heinz D\u00e4bner<br \/>\n<strong>Schriftf\u00fchrer:<\/strong>\u00a0\u00a0\u00a0\u00a0\u00a0\u00a0 Karl-Heinz D\u00e4bner<br \/>\n<strong>Kassenwart:\u00a0<\/strong>\u00a0\u00a0\u00a0\u00a0 \u00a0 \u00a0 Karl-Heinz Stecking<br \/>\n<strong>Sportwart:\u00a0\u00a0\u00a0<\/strong>\u00a0\u00a0\u00a0\u00a0 \u00a0 \u00a0\u00a0\u00a0 Lothar Rohlfing<\/p>\n<p style=\"text-align: left;\">Im Laufe der Jahre wurden\u00a0immer wieder Renovierungsarbeiten von tatkr\u00e4ftigen Mitgliedern am F\u00e4hrhaus und den Vereinseinrichtungen\u00a0vorgenommen, wie zum Beispiel der Bau der Sanit\u00e4reinrichtungen oder der Bau des neuen Bootshauses. Urspr\u00fcnglich dienten provisorische Container zur Lagerung der Vereinsboote. Diese konnten\u00a0ab 2013 in den Neubau umziehen.<\/p>\n<p style=\"text-align: left;\">Auch die Schwimmanleger des Vereins wurden in Eigenarbeit errichtet. Diese werden jedes Jahr im Fr\u00fchjahr eingesetzt und im Oktober wieder rausgeholt.<\/p>\n<p style=\"text-align: left;\"><img loading=\"lazy\" decoding=\"async\" class=\"alignleft wp-image-583\" src=\"http:\/\/www.wsv-landesbergen.de\/wsv\/wp-content\/uploads\/2013\/09\/Bild-407-512x384.jpg\" alt=\"\" width=\"300\" height=\"225\" srcset=\"http:\/\/www.wsv-landesbergen.de\/wsv\/wp-content\/uploads\/2013\/09\/Bild-407-512x384.jpg 512w, http:\/\/www.wsv-landesbergen.de\/wsv\/wp-content\/uploads\/2013\/09\/Bild-407-160x120.jpg 160w, http:\/\/www.wsv-landesbergen.de\/wsv\/wp-content\/uploads\/2013\/09\/Bild-407.jpg 1024w\" sizes=\"auto, (max-width: 300px) 100vw, 300px\" \/> <img loading=\"lazy\" decoding=\"async\" class=\"alignleft wp-image-618\" src=\"http:\/\/www.wsv-landesbergen.de\/wsv\/wp-content\/uploads\/2013\/09\/bootshaus.jpg\" alt=\"\" width=\"300\" height=\"203\" srcset=\"http:\/\/www.wsv-landesbergen.de\/wsv\/wp-content\/uploads\/2013\/09\/bootshaus.jpg 348w, http:\/\/www.wsv-landesbergen.de\/wsv\/wp-content\/uploads\/2013\/09\/bootshaus-120x80.jpg 120w\" sizes=\"auto, (max-width: 300px) 100vw, 300px\" \/><\/p>\n<p style=\"text-align: left;\">\n","protected":false},"excerpt":{"rendered":"<p>&nbsp; Vereinsgeschichte seit 1974 &nbsp; Der Wassersportverein Landesbergen wird am\u00a015.08.1974 gegr\u00fcndet. Auf Grundlage der Gemeinn\u00fctzigkeit soll ein Wassersportverein entstehen. Die Gemeinde stellt hierzu das ehemalige F\u00e4hrhaus und das Gel\u00e4nde\u00a0an der Weser zur Verf\u00fcgung. Gr\u00fcndungsmitglieder sind: Horst Seifert, Claus Kropiwoda, Karl-Heinz Stecking, Karl-Heinz Artischewski, Lothar Rohlfing, Horst Symkenberg und Karl-Heinz D\u00e4bner Die\u00a0ersten Vorstandsmitglieder\u00a0wurden einstimmig und auf unbestimmte Zeit in Ihre \u00c4mter gew\u00e4hlt: 1. Vorsitzender:\u00a0\u00a0\u00a0 Horst Seifert 2. Vorsitzender:\u00a0\u00a0 Karl-Heinz D\u00e4bner Schriftf\u00fchrer:\u00a0\u00a0\u00a0\u00a0\u00a0\u00a0 Karl-Heinz D\u00e4bner Kassenwart:\u00a0\u00a0\u00a0\u00a0\u00a0 \u00a0 \u00a0 Karl-Heinz Stecking Sportwart:\u00a0\u00a0\u00a0\u00a0\u00a0\u00a0\u00a0 \u00a0 \u00a0\u00a0\u00a0&#8230;<\/p>\n<p class=\"read-more\"><a class=\"btn btn-default\" href=\"http:\/\/www.wsv-landesbergen.de\/wsv\/?page_id=256\">Weiterlesen<span class=\"screen-reader-text\"> Weiterlesen<\/span><\/a><\/p>\n","protected":false},"author":3,"featured_media":0,"parent":0,"menu_order":0,"comment_status":"closed","ping_status":"closed","template":"","meta":{"footnotes":""},"class_list":["post-256","page","type-page","status-publish","hentry"],"_links":{"self":[{"href":"http:\/\/www.wsv-landesbergen.de\/wsv\/index.php?rest_route=\/wp\/v2\/pages\/256","targetHints":{"allow":["GET"]}}],"collection":[{"href":"http:\/\/www.wsv-landesbergen.de\/wsv\/index.php?rest_route=\/wp\/v2\/pages"}],"about":[{"href":"http:\/\/www.wsv-landesbergen.de\/wsv\/index.php?rest_route=\/wp\/v2\/types\/page"}],"author":[{"embeddable":true,"href":"http:\/\/www.wsv-landesbergen.de\/wsv\/index.php?rest_route=\/wp\/v2\/users\/3"}],"replies":[{"embeddable":true,"href":"http:\/\/www.wsv-landesbergen.de\/wsv\/index.php?rest_route=%2Fwp%2Fv2%2Fcomments&post=256"}],"version-history":[{"count":53,"href":"http:\/\/www.wsv-landesbergen.de\/wsv\/index.php?rest_route=\/wp\/v2\/pages\/256\/revisions"}],"predecessor-version":[{"id":1719,"href":"http:\/\/www.wsv-landesbergen.de\/wsv\/index.php?rest_route=\/wp\/v2\/pages\/256\/revisions\/1719"}],"wp:attachment":[{"href":"http:\/\/www.wsv-landesbergen.de\/wsv\/index.php?rest_route=%2Fwp%2Fv2%2Fmedia&parent=256"}],"curies":[{"name":"wp","href":"https:\/\/api.w.org\/{rel}","templated":true}]}}