{"id":24,"date":"2013-08-11T21:14:05","date_gmt":"2013-08-11T19:14:05","guid":{"rendered":"http:\/\/www.wsv-landesbergen.de\/wsv\/?page_id=24"},"modified":"2019-02-10T16:56:33","modified_gmt":"2019-02-10T15:56:33","slug":"sparten","status":"publish","type":"page","link":"http:\/\/www.wsv-landesbergen.de\/wsv\/?page_id=24","title":{"rendered":"Sparten"},"content":{"rendered":"<p>&nbsp;<\/p>\n<h4 style=\"text-align: left;\"><span style=\"color: #333399;\"><strong>Kanuwandersport:<\/strong><\/span><\/h4>\n<p style=\"text-align: left;\">Kanuwandersport, das bedeutet an der frischen Luft sein, die Naturer genie\u00dfen und trotzdem sportlich aktiv sein. Wir unternehmen kleine und gr\u00f6\u00dfere Kanutouren als Vereinsfahrten. Wir verf\u00fcgen \u00fcber einige Vereinsboote, welche den Mitgliedern kostenfrei zur Verf\u00fcgung stehen und nach Absprache genutzt werden k\u00f6nnen. Erst 2018 haben wir die beiden Einer Kanus &#8222;Timon und Pumbaa&#8220; eingeweiht. Die Boote sind in unserem 2013 errichteten Bootshaus untergebracht und k\u00f6nnen auch mit dem vereinseigenen Trailer transportiert werden.<\/p>\n<p><img loading=\"lazy\" decoding=\"async\" class=\"wp-image-1534 size-medium alignleft\" src=\"http:\/\/www.wsv-landesbergen.de\/wsv\/wp-content\/uploads\/2018\/12\/DSCN0824-Kopie-512x288.jpg\" alt=\"\" width=\"512\" height=\"288\" srcset=\"http:\/\/www.wsv-landesbergen.de\/wsv\/wp-content\/uploads\/2018\/12\/DSCN0824-Kopie-512x288.jpg 512w, http:\/\/www.wsv-landesbergen.de\/wsv\/wp-content\/uploads\/2018\/12\/DSCN0824-Kopie-768x432.jpg 768w, http:\/\/www.wsv-landesbergen.de\/wsv\/wp-content\/uploads\/2018\/12\/DSCN0824-Kopie-1024x576.jpg 1024w, http:\/\/www.wsv-landesbergen.de\/wsv\/wp-content\/uploads\/2018\/12\/DSCN0824-Kopie-480x270.jpg 480w\" sizes=\"auto, (max-width: 512px) 100vw, 512px\" \/><\/p>\n<h4><\/h4>\n<h4><\/h4>\n<h4><\/h4>\n<h4><\/h4>\n<h4><\/h4>\n<h4><\/h4>\n<h4><\/h4>\n<h4 style=\"text-align: left;\"><span style=\"color: #333399;\"><strong>Motorboot:<\/strong><\/span><\/h4>\n<p style=\"text-align: left;\">Viele Vereinsmitglieder besitzen ein eigenes Sportboot, mit denen kleine Rundfahrten auf der Weser unternommen werden oder zum angeln rausgefahren wird. Die mittlwerweile drei Anleger des Vereins erm\u00f6glichen ein sicheres Anlegen und Festmachen der Boote. Das Ein- und Aussetzen erleichtert eine gro\u00dfz\u00fcgige Sliprampe.<\/p>\n<p style=\"text-align: left;\">Die Motorboote werden auch gerne zum Wasserski fahren benutzt. Eine Wasserskistrecke befindet sich oberhalb der Weser bei Petershagen und unterhalb bei Drakenburg\/Rohrsen.<\/p>\n<p><img loading=\"lazy\" decoding=\"async\" class=\"alignnone wp-image-1536 size-medium alignleft\" src=\"http:\/\/www.wsv-landesbergen.de\/wsv\/wp-content\/uploads\/2018\/12\/CIMG1313b-512x229.jpg\" alt=\"\" width=\"512\" height=\"229\" srcset=\"http:\/\/www.wsv-landesbergen.de\/wsv\/wp-content\/uploads\/2018\/12\/CIMG1313b-512x229.jpg 512w, http:\/\/www.wsv-landesbergen.de\/wsv\/wp-content\/uploads\/2018\/12\/CIMG1313b-768x344.jpg 768w, http:\/\/www.wsv-landesbergen.de\/wsv\/wp-content\/uploads\/2018\/12\/CIMG1313b-604x270.jpg 604w, http:\/\/www.wsv-landesbergen.de\/wsv\/wp-content\/uploads\/2018\/12\/CIMG1313b.jpg 900w\" sizes=\"auto, (max-width: 512px) 100vw, 512px\" \/><\/p>\n<h4><\/h4>\n<h4><\/h4>\n<h4><\/h4>\n<h4><\/h4>\n<h4><\/h4>\n<h4><\/h4>\n<h4 style=\"text-align: left;\"><span style=\"color: #333399;\"><strong>Stand Up Paddling:<\/strong><\/span><\/h4>\n<p style=\"text-align: left;\">Der neue Trendsport ging auch an uns nicht spurlos vorbei. Seit Sommer 2018 verf\u00fcgen wir \u00fcber zwei Stand Up Boards, welche ebenfalls von allen Vereinsmitgliedern genutzt werden k\u00f6nnen. Nach ersten wackeligen Versuchen ist es einigen Mitgliedern schnell gelungen das Gleichgewicht zu halten und die Boards kontrolliert zu f\u00fchren. Durch die st\u00e4ndige Anspannung f\u00fcr die n\u00f6tige Balance ist dies ein Training f\u00fcr den gesamten K\u00f6rper.<\/p>\n<p><img loading=\"lazy\" decoding=\"async\" class=\"alignnone wp-image-1538 size-medium alignleft\" src=\"http:\/\/www.wsv-landesbergen.de\/wsv\/wp-content\/uploads\/2018\/12\/StandUp-Paddling-512x288.jpg\" alt=\"\" width=\"512\" height=\"288\" srcset=\"http:\/\/www.wsv-landesbergen.de\/wsv\/wp-content\/uploads\/2018\/12\/StandUp-Paddling-512x288.jpg 512w, http:\/\/www.wsv-landesbergen.de\/wsv\/wp-content\/uploads\/2018\/12\/StandUp-Paddling-768x432.jpg 768w, http:\/\/www.wsv-landesbergen.de\/wsv\/wp-content\/uploads\/2018\/12\/StandUp-Paddling-1024x576.jpg 1024w, http:\/\/www.wsv-landesbergen.de\/wsv\/wp-content\/uploads\/2018\/12\/StandUp-Paddling-480x270.jpg 480w, http:\/\/www.wsv-landesbergen.de\/wsv\/wp-content\/uploads\/2018\/12\/StandUp-Paddling.jpg 1241w\" sizes=\"auto, (max-width: 512px) 100vw, 512px\" \/><\/p>\n","protected":false},"excerpt":{"rendered":"<p>&nbsp; Kanuwandersport: Kanuwandersport, das bedeutet an der frischen Luft sein, die Naturer genie\u00dfen und trotzdem sportlich aktiv sein. Wir unternehmen kleine und gr\u00f6\u00dfere Kanutouren als Vereinsfahrten. Wir verf\u00fcgen \u00fcber einige Vereinsboote, welche den Mitgliedern kostenfrei zur Verf\u00fcgung stehen und nach Absprache genutzt werden k\u00f6nnen. Erst 2018 haben wir die beiden Einer Kanus &#8222;Timon und Pumbaa&#8220; eingeweiht. Die Boote sind in unserem 2013 errichteten Bootshaus untergebracht und k\u00f6nnen auch mit dem vereinseigenen Trailer transportiert werden. Motorboot: Viele Vereinsmitglieder besitzen ein eigenes&#8230;<\/p>\n<p class=\"read-more\"><a class=\"btn btn-default\" href=\"http:\/\/www.wsv-landesbergen.de\/wsv\/?page_id=24\">Weiterlesen<span class=\"screen-reader-text\"> Weiterlesen<\/span><\/a><\/p>\n","protected":false},"author":3,"featured_media":0,"parent":0,"menu_order":0,"comment_status":"closed","ping_status":"closed","template":"","meta":{"footnotes":""},"class_list":["post-24","page","type-page","status-publish","hentry"],"_links":{"self":[{"href":"http:\/\/www.wsv-landesbergen.de\/wsv\/index.php?rest_route=\/wp\/v2\/pages\/24","targetHints":{"allow":["GET"]}}],"collection":[{"href":"http:\/\/www.wsv-landesbergen.de\/wsv\/index.php?rest_route=\/wp\/v2\/pages"}],"about":[{"href":"http:\/\/www.wsv-landesbergen.de\/wsv\/index.php?rest_route=\/wp\/v2\/types\/page"}],"author":[{"embeddable":true,"href":"http:\/\/www.wsv-landesbergen.de\/wsv\/index.php?rest_route=\/wp\/v2\/users\/3"}],"replies":[{"embeddable":true,"href":"http:\/\/www.wsv-landesbergen.de\/wsv\/index.php?rest_route=%2Fwp%2Fv2%2Fcomments&post=24"}],"version-history":[{"count":59,"href":"http:\/\/www.wsv-landesbergen.de\/wsv\/index.php?rest_route=\/wp\/v2\/pages\/24\/revisions"}],"predecessor-version":[{"id":1713,"href":"http:\/\/www.wsv-landesbergen.de\/wsv\/index.php?rest_route=\/wp\/v2\/pages\/24\/revisions\/1713"}],"wp:attachment":[{"href":"http:\/\/www.wsv-landesbergen.de\/wsv\/index.php?rest_route=%2Fwp%2Fv2%2Fmedia&parent=24"}],"curies":[{"name":"wp","href":"https:\/\/api.w.org\/{rel}","templated":true}]}}