{"id":2057,"date":"2025-03-13T12:25:20","date_gmt":"2025-03-13T11:25:20","guid":{"rendered":"http:\/\/www.wsv-landesbergen.de\/wsv\/?page_id=2057"},"modified":"2025-03-13T14:28:50","modified_gmt":"2025-03-13T13:28:50","slug":"infos-und-preise","status":"publish","type":"page","link":"http:\/\/www.wsv-landesbergen.de\/wsv\/?page_id=2057","title":{"rendered":"Infos und Preise"},"content":{"rendered":"<p>&nbsp;<\/p>\n<h4><span style=\"color: #333399;\"><strong>Ob mit Kanu, Motorboot oder Rad &#8211; wir freuen uns immer \u00fcber netten Besuch!<\/strong><\/span><\/h4>\n<p>&nbsp;<\/p>\n<p style=\"text-align: left;\"><img loading=\"lazy\" decoding=\"async\" class=\"aligncenter size-medium wp-image-1505\" src=\"http:\/\/www.wsv-landesbergen.de\/wsv\/wp-content\/uploads\/2018\/12\/CIMG1310-512x384.jpg\" alt=\"\" width=\"512\" height=\"384\" \/><\/p>\n<p style=\"text-align: left;\">G\u00e4ste sind bei uns immer herzlich Willkommen, daher verf\u00fcgen wir auch extra \u00fcber einen separaten G\u00e4steanleger mit einer L\u00e4nge von 24 Metern (Bild Steg rechts). An diesem k\u00f6nnen Motorbootfahrer anlegen und sicher Festmachen. Strom ist gegen Geb\u00fchr verf\u00fcgbar.<\/p>\n<p style=\"text-align: left;\">Paddler k\u00f6nnen eine unserer zwei Sliprampen nutzen um sicher ein- und auszusetzen.<\/p>\n<p style=\"text-align: left;\">Gegen eine kleine Geb\u00fchr kann auf unserem Gel\u00e4nde im Zelt oder im Boot \u00fcbernachtet werden.<\/p>\n<p style=\"text-align: left;\"><img loading=\"lazy\" decoding=\"async\" class=\"alignright size-full wp-image-1659\" src=\"http:\/\/www.wsv-landesbergen.de\/wsv\/wp-content\/uploads\/2019\/02\/Neuer-Briefkasten_.jpg\" alt=\"\" width=\"200\" height=\"343\" srcset=\"http:\/\/www.wsv-landesbergen.de\/wsv\/wp-content\/uploads\/2019\/02\/Neuer-Briefkasten_.jpg 200w, http:\/\/www.wsv-landesbergen.de\/wsv\/wp-content\/uploads\/2019\/02\/Neuer-Briefkasten_-157x270.jpg 157w\" sizes=\"auto, (max-width: 200px) 100vw, 200px\" \/>Hierzu wende dich bitte an die Vereinsmitglieder vor Ort, an den <span style=\"color: #333399;\"><a style=\"color: #333399;\" href=\"http:\/\/www.wsv-landesbergen.de\/wsv\/?page_id=42\">Vorstand<\/a><\/span> oder bezahle \u00fcber unseren Briefkasten, welcher am F\u00e4hrhaus rechts neben dem Haupteingang angebracht ist.<br \/>\nVielen Dank f\u00fcr deine Ehrlichkeit!<\/p>\n<p><strong><span style=\"color: #000080;\">Wir nehmen KEINE RESERVIERUNGEN entgegen!<br \/>\n<\/span><\/strong><span style=\"color: #000080;\">Weder f\u00fcr Stegreservierungen, noch Reservierungen auf dem Platz.\u00a0<\/span><\/p>\n<p style=\"text-align: left;\">Im F\u00e4hrhaus findet ihr auch Waschr\u00e4ume mit WC und Dusche, die nach Absprache genutzt werden k\u00f6nnen.<\/p>\n<h2 style=\"text-align: center;\"><span style=\"color: #000080;\">Preise:<\/span><\/h2>\n<p style=\"padding-left: 200px;\">Person \/ Nacht&#8230;&#8230;&#8230;&#8230;&#8230;&#8230;..7,00 \u20ac<\/p>\n<p style=\"padding-left: 200px;\">DKV-Mitglieder&#8230;&#8230;&#8230;&#8230;&#8230;&#8230;..6,00 \u20ac<\/p>\n<p style=\"padding-left: 200px;\">zzgl. Liegeplatzgeb\u00fchr Motoboote:<br \/>\n0 &#8211; 6 m &#8230;&#8230;&#8230;&#8230;&#8230;&#8230;&#8230;&#8230;&#8230;&#8230;1,00 \u20ac<br \/>\n6 &#8211; 10 m &#8230;&#8230;&#8230;&#8230;&#8230;&#8230;&#8230;&#8230;&#8230;.2,00 \u20ac<br \/>\nab 10 m &#8230;&#8230;&#8230;&#8230;&#8230;&#8230;&#8230;&#8230;&#8230;.3,00 \u20ac<\/p>\n<p style=\"padding-left: 200px;\">Stromkosten \/ Nacht &#8230;&#8230;&#8230;..3,00 \u20ac<br \/>\ne-Bike Ladung &#8230;&#8230;&#8230;&#8230;&#8230;&#8230;.1,00 \u20ac<\/p>\n<p><span style=\"color: #000080;\"><strong>Ein wichtiger Hinweis f\u00fcr Wohnmobile:<\/strong><\/span><br \/>\nDas Vereinsgel\u00e4nde ist nicht Teil des anliegenden Stellplatzes. Dieser wird von der Gemeinde betrieben.<br \/>\nDas Campen in Wohnwagen und -mobilen auf dem Gel\u00e4nde ist nur Vereinsmitgliedern gestattet.<\/p>\n","protected":false},"excerpt":{"rendered":"<p>&nbsp; Ob mit Kanu, Motorboot oder Rad &#8211; wir freuen uns immer \u00fcber netten Besuch! &nbsp; G\u00e4ste sind bei uns immer herzlich Willkommen, daher verf\u00fcgen wir auch extra \u00fcber einen separaten G\u00e4steanleger mit einer L\u00e4nge von 24 Metern (Bild Steg rechts). An diesem k\u00f6nnen Motorbootfahrer anlegen und sicher Festmachen. Strom ist gegen Geb\u00fchr verf\u00fcgbar. Paddler k\u00f6nnen eine unserer zwei Sliprampen nutzen um sicher ein- und auszusetzen. Gegen eine kleine Geb\u00fchr kann auf unserem Gel\u00e4nde im Zelt oder im Boot \u00fcbernachtet&#8230;<\/p>\n<p class=\"read-more\"><a class=\"btn btn-default\" href=\"http:\/\/www.wsv-landesbergen.de\/wsv\/?page_id=2057\">Weiterlesen<span class=\"screen-reader-text\"> Weiterlesen<\/span><\/a><\/p>\n","protected":false},"author":9,"featured_media":0,"parent":0,"menu_order":0,"comment_status":"closed","ping_status":"closed","template":"","meta":{"footnotes":""},"class_list":["post-2057","page","type-page","status-publish","hentry"],"_links":{"self":[{"href":"http:\/\/www.wsv-landesbergen.de\/wsv\/index.php?rest_route=\/wp\/v2\/pages\/2057","targetHints":{"allow":["GET"]}}],"collection":[{"href":"http:\/\/www.wsv-landesbergen.de\/wsv\/index.php?rest_route=\/wp\/v2\/pages"}],"about":[{"href":"http:\/\/www.wsv-landesbergen.de\/wsv\/index.php?rest_route=\/wp\/v2\/types\/page"}],"author":[{"embeddable":true,"href":"http:\/\/www.wsv-landesbergen.de\/wsv\/index.php?rest_route=\/wp\/v2\/users\/9"}],"replies":[{"embeddable":true,"href":"http:\/\/www.wsv-landesbergen.de\/wsv\/index.php?rest_route=%2Fwp%2Fv2%2Fcomments&post=2057"}],"version-history":[{"count":17,"href":"http:\/\/www.wsv-landesbergen.de\/wsv\/index.php?rest_route=\/wp\/v2\/pages\/2057\/revisions"}],"predecessor-version":[{"id":2076,"href":"http:\/\/www.wsv-landesbergen.de\/wsv\/index.php?rest_route=\/wp\/v2\/pages\/2057\/revisions\/2076"}],"wp:attachment":[{"href":"http:\/\/www.wsv-landesbergen.de\/wsv\/index.php?rest_route=%2Fwp%2Fv2%2Fmedia&parent=2057"}],"curies":[{"name":"wp","href":"https:\/\/api.w.org\/{rel}","templated":true}]}}