{"id":19,"date":"2013-08-11T19:49:24","date_gmt":"2013-08-11T17:49:24","guid":{"rendered":"http:\/\/www.wsv-landesbergen.de\/wsv\/?page_id=19"},"modified":"2019-02-10T17:06:30","modified_gmt":"2019-02-10T16:06:30","slug":"gebaeude","status":"publish","type":"page","link":"http:\/\/www.wsv-landesbergen.de\/wsv\/?page_id=19","title":{"rendered":"Vereinseinrichtungen"},"content":{"rendered":"<p>&nbsp;<\/p>\n<p style=\"text-align: left;\">Unser Vereinsgel\u00e4nde und das dazugeh\u00f6rige &#8222;Alte F\u00e4hrhaus&#8220; wurden kurz nach der Gr\u00fcndung des Vereins von der Gemeinde Landesbergen gepachtet. Das Grundst\u00fcck hat eine Gesamtfl\u00e4che von ca. 8.000 qm und liegt direkt an der Weser in Landesbergen.<\/p>\n<p style=\"text-align: left;\"><img loading=\"lazy\" decoding=\"async\" class=\"alignnone wp-image-1507 size-medium\" src=\"http:\/\/www.wsv-landesbergen.de\/wsv\/wp-content\/uploads\/2018\/12\/20130713_171152-512x384.jpg\" alt=\"\" width=\"512\" height=\"384\" \/><\/p>\n<p style=\"text-align: left;\">Im Laufe der Jahre wurde das F\u00e4hrhaus immer wieder von Vereinsmitgliedern in Eigenregie renoviert. So wurden z.B. die Sanit\u00e4reinrichtungen errichtet oder die K\u00fcche und das &#8222;Wohnzimmer&#8220; saniert.<\/p>\n<p style=\"text-align: left;\">Zu unserem Vereinsgel\u00e4nde geh\u00f6ren auch drei Schwimmstege mit einer Gesamtl\u00e4nge von 60m, wobei ein Anleger ausschlie\u00dflich unseren G\u00e4sten zur Verf\u00fcgung steht. Zwei Sliprampen und eine Badebucht geh\u00f6ren ebenso dazu. Erm\u00f6glicht durch F\u00f6rdermittel wurde fast in Eigenarbeit und mit viel Flei\u00df 2013 das neue Bootshaus errichtet. Hier lagern nun unsere Vereinsboote, sowie allerlei Utensilien f\u00fcr die Pflege der gesamten Anlage.<\/p>\n<p><img loading=\"lazy\" decoding=\"async\" class=\"size-full wp-image-28 alignleft\" src=\"http:\/\/www.wsv-landesbergen.de\/wsv\/wp-content\/uploads\/2013\/08\/steg1-300.jpg\" alt=\"\" width=\"300\" height=\"225\" srcset=\"http:\/\/www.wsv-landesbergen.de\/wsv\/wp-content\/uploads\/2013\/08\/steg1-300.jpg 300w, http:\/\/www.wsv-landesbergen.de\/wsv\/wp-content\/uploads\/2013\/08\/steg1-300-160x120.jpg 160w\" sizes=\"auto, (max-width: 300px) 100vw, 300px\" \/> <img loading=\"lazy\" decoding=\"async\" class=\"size-full wp-image-26 alignleft\" src=\"http:\/\/www.wsv-landesbergen.de\/wsv\/wp-content\/uploads\/2013\/08\/steg3-300.jpg\" alt=\"\" width=\"300\" height=\"225\" srcset=\"http:\/\/www.wsv-landesbergen.de\/wsv\/wp-content\/uploads\/2013\/08\/steg3-300.jpg 300w, http:\/\/www.wsv-landesbergen.de\/wsv\/wp-content\/uploads\/2013\/08\/steg3-300-160x120.jpg 160w\" sizes=\"auto, (max-width: 300px) 100vw, 300px\" \/> <img loading=\"lazy\" decoding=\"async\" class=\"size-medium wp-image-1525 alignleft\" src=\"http:\/\/www.wsv-landesbergen.de\/wsv\/wp-content\/uploads\/2018\/12\/P1030373-512x384.jpg\" alt=\"\" width=\"512\" height=\"384\" srcset=\"http:\/\/www.wsv-landesbergen.de\/wsv\/wp-content\/uploads\/2018\/12\/P1030373-512x384.jpg 512w, http:\/\/www.wsv-landesbergen.de\/wsv\/wp-content\/uploads\/2018\/12\/P1030373-768x576.jpg 768w, http:\/\/www.wsv-landesbergen.de\/wsv\/wp-content\/uploads\/2018\/12\/P1030373-1024x768.jpg 1024w, http:\/\/www.wsv-landesbergen.de\/wsv\/wp-content\/uploads\/2018\/12\/P1030373-360x270.jpg 360w\" sizes=\"auto, (max-width: 512px) 100vw, 512px\" \/><\/p>\n","protected":false},"excerpt":{"rendered":"<p>&nbsp; Unser Vereinsgel\u00e4nde und das dazugeh\u00f6rige &#8222;Alte F\u00e4hrhaus&#8220; wurden kurz nach der Gr\u00fcndung des Vereins von der Gemeinde Landesbergen gepachtet. Das Grundst\u00fcck hat eine Gesamtfl\u00e4che von ca. 8.000 qm und liegt direkt an der Weser in Landesbergen. Im Laufe der Jahre wurde das F\u00e4hrhaus immer wieder von Vereinsmitgliedern in Eigenregie renoviert. So wurden z.B. die Sanit\u00e4reinrichtungen errichtet oder die K\u00fcche und das &#8222;Wohnzimmer&#8220; saniert. Zu unserem Vereinsgel\u00e4nde geh\u00f6ren auch drei Schwimmstege mit einer Gesamtl\u00e4nge von 60m, wobei ein Anleger ausschlie\u00dflich&#8230;<\/p>\n<p class=\"read-more\"><a class=\"btn btn-default\" href=\"http:\/\/www.wsv-landesbergen.de\/wsv\/?page_id=19\">Weiterlesen<span class=\"screen-reader-text\"> Weiterlesen<\/span><\/a><\/p>\n","protected":false},"author":3,"featured_media":0,"parent":0,"menu_order":0,"comment_status":"closed","ping_status":"closed","template":"","meta":{"footnotes":""},"class_list":["post-19","page","type-page","status-publish","hentry"],"_links":{"self":[{"href":"http:\/\/www.wsv-landesbergen.de\/wsv\/index.php?rest_route=\/wp\/v2\/pages\/19","targetHints":{"allow":["GET"]}}],"collection":[{"href":"http:\/\/www.wsv-landesbergen.de\/wsv\/index.php?rest_route=\/wp\/v2\/pages"}],"about":[{"href":"http:\/\/www.wsv-landesbergen.de\/wsv\/index.php?rest_route=\/wp\/v2\/types\/page"}],"author":[{"embeddable":true,"href":"http:\/\/www.wsv-landesbergen.de\/wsv\/index.php?rest_route=\/wp\/v2\/users\/3"}],"replies":[{"embeddable":true,"href":"http:\/\/www.wsv-landesbergen.de\/wsv\/index.php?rest_route=%2Fwp%2Fv2%2Fcomments&post=19"}],"version-history":[{"count":105,"href":"http:\/\/www.wsv-landesbergen.de\/wsv\/index.php?rest_route=\/wp\/v2\/pages\/19\/revisions"}],"predecessor-version":[{"id":1717,"href":"http:\/\/www.wsv-landesbergen.de\/wsv\/index.php?rest_route=\/wp\/v2\/pages\/19\/revisions\/1717"}],"wp:attachment":[{"href":"http:\/\/www.wsv-landesbergen.de\/wsv\/index.php?rest_route=%2Fwp%2Fv2%2Fmedia&parent=19"}],"curies":[{"name":"wp","href":"https:\/\/api.w.org\/{rel}","templated":true}]}}