{"id":1426,"date":"2018-12-30T14:49:02","date_gmt":"2018-12-30T13:49:02","guid":{"rendered":"http:\/\/www.wsv-landesbergen.de\/wsv\/?page_id=1426"},"modified":"2022-11-04T17:57:18","modified_gmt":"2022-11-04T16:57:18","slug":"mitgliedschaft","status":"publish","type":"page","link":"http:\/\/www.wsv-landesbergen.de\/wsv\/?page_id=1426","title":{"rendered":"Mitgliedschaft"},"content":{"rendered":"<p>&nbsp;<\/p>\n<h4 style=\"text-align: left;\"><span style=\"color: #333399;\"><strong>Wir freuen uns \u00fcber dein Interesse am Wassersportverein Landesbergen!<\/strong><\/span><\/h4>\n<p>&nbsp;<\/p>\n<p style=\"text-align: left;\">Du interessiert dich f\u00fcr eine Mitgliedschaft? Dann bist du hier genau richtig! Nachfolgend erh\u00e4ltst du alle Informationen die du brauchst, um Mitglied zu werden.<\/p>\n<p style=\"text-align: left;\"><strong><a href=\"http:\/\/www.wsv-landesbergen.de\/wsv\/wp-content\/uploads\/2019\/06\/Aufnahme_\u00c4nderungsantrag.pdf\"><span style=\"color: #008080;\">Mitgliedsantrag<\/span><\/a><br \/>\n<\/strong>Der ausgef\u00fcllte Antrag kann entweder pers\u00f6nlich beim Vorstand abgegeben werden oder per Post an einen der Vorstandsmitglieder geschickt werden. Alle Kontaktdaten findest du unter der Seite <span style=\"color: #333399;\"><a style=\"color: #333399;\" href=\"http:\/\/www.wsv-landesbergen.de\/wsv\/?page_id=42\">Vorstand<\/a><\/span>. Wir behalten uns jedoch vor, die Aufnahme neuer Mitglieder in einer Vorstandssitzung zu beschlie\u00dfen.<br \/>\nDer WSV ist ein gemeinn\u00fctzig anerkannter Verein und finanziert sich insbesondere durch die Beitr\u00e4ge seiner Mitglieder. Die Beitr\u00e4ge findest du im <a href=\"http:\/\/www.wsv-landesbergen.de\/wsv\/wp-content\/uploads\/2019\/06\/Aufnahme_%C3%84nderungsantrag.pdf\">Mitgliedsantrag<\/a>.<\/p>\n<p style=\"text-align: left;\"><span style=\"color: #000000;\"><a style=\"color: #000000;\" href=\"http:\/\/www.wsv-landesbergen.de\/wsv\/wp-content\/uploads\/2022\/11\/Wasser-Sport-Verein-Landesbergen-Satzung.pdf\"><strong><span style=\"color: #333399;\"><span style=\"color: #008080;\">Satzung<\/span><\/span><\/strong><\/a><\/span><br \/>\nUnsere aktuelle Satzung findest du <a href=\"http:\/\/www.wsv-landesbergen.de\/wsv\/wp-content\/uploads\/2022\/11\/Wasser-Sport-Verein-Landesbergen-Satzung.pdf\">hier<\/a>.<\/p>\n<p><a href=\"http:\/\/www.wsv-landesbergen.de\/wsv\/wp-content\/uploads\/2022\/11\/Wasser-Sport-Verein-Landesbergen-Nutzungsordnung.pdf\"><strong><span style=\"color: #008080;\">Nutzungsordnung<\/span><\/strong><\/a><br \/>\nGemeinsam mit unseren Vereinsmitgliedern haben wir eine Nutzungsordnung erstellt und vereinbart f\u00fcr ein harmonisches Vereinsleben.<\/p>\n<p>&nbsp;<\/p>\n<p style=\"text-align: left;\"><span style=\"color: #333399;\"><b>Wir freuen uns immer \u00fcber neue Mitglieder, die zu einem harmonischen Vereinsleben beitragen!<\/b><\/span><\/p>\n<p style=\"text-align: left;\">Wenn du noch Fragen hast, kannst du\u00a0uns auch gern eine\u00a0Mail an <a href=\"mailto:info@wsv-landesbergen.de\"><span style=\"color: #333399;\">info@wsv-landesbergen.de<\/span><\/a> schreiben. Wir werden uns schnellstm\u00f6glich zur\u00fcckmelden.<\/p>\n<p style=\"text-align: left;\">\n","protected":false},"excerpt":{"rendered":"<p>&nbsp; Wir freuen uns \u00fcber dein Interesse am Wassersportverein Landesbergen! &nbsp; Du interessiert dich f\u00fcr eine Mitgliedschaft? Dann bist du hier genau richtig! Nachfolgend erh\u00e4ltst du alle Informationen die du brauchst, um Mitglied zu werden. Mitgliedsantrag Der ausgef\u00fcllte Antrag kann entweder pers\u00f6nlich beim Vorstand abgegeben werden oder per Post an einen der Vorstandsmitglieder geschickt werden. Alle Kontaktdaten findest du unter der Seite Vorstand. Wir behalten uns jedoch vor, die Aufnahme neuer Mitglieder in einer Vorstandssitzung zu beschlie\u00dfen. Der WSV ist&#8230;<\/p>\n<p class=\"read-more\"><a class=\"btn btn-default\" href=\"http:\/\/www.wsv-landesbergen.de\/wsv\/?page_id=1426\">Weiterlesen<span class=\"screen-reader-text\"> Weiterlesen<\/span><\/a><\/p>\n","protected":false},"author":3,"featured_media":0,"parent":0,"menu_order":0,"comment_status":"closed","ping_status":"closed","template":"","meta":{"footnotes":""},"class_list":["post-1426","page","type-page","status-publish","hentry"],"_links":{"self":[{"href":"http:\/\/www.wsv-landesbergen.de\/wsv\/index.php?rest_route=\/wp\/v2\/pages\/1426","targetHints":{"allow":["GET"]}}],"collection":[{"href":"http:\/\/www.wsv-landesbergen.de\/wsv\/index.php?rest_route=\/wp\/v2\/pages"}],"about":[{"href":"http:\/\/www.wsv-landesbergen.de\/wsv\/index.php?rest_route=\/wp\/v2\/types\/page"}],"author":[{"embeddable":true,"href":"http:\/\/www.wsv-landesbergen.de\/wsv\/index.php?rest_route=\/wp\/v2\/users\/3"}],"replies":[{"embeddable":true,"href":"http:\/\/www.wsv-landesbergen.de\/wsv\/index.php?rest_route=%2Fwp%2Fv2%2Fcomments&post=1426"}],"version-history":[{"count":53,"href":"http:\/\/www.wsv-landesbergen.de\/wsv\/index.php?rest_route=\/wp\/v2\/pages\/1426\/revisions"}],"predecessor-version":[{"id":1915,"href":"http:\/\/www.wsv-landesbergen.de\/wsv\/index.php?rest_route=\/wp\/v2\/pages\/1426\/revisions\/1915"}],"wp:attachment":[{"href":"http:\/\/www.wsv-landesbergen.de\/wsv\/index.php?rest_route=%2Fwp%2Fv2%2Fmedia&parent=1426"}],"curies":[{"name":"wp","href":"https:\/\/api.w.org\/{rel}","templated":true}]}}